{"id":2,"date":"2017-03-17T10:48:40","date_gmt":"2017-03-17T09:48:40","guid":{"rendered":"http:\/\/paysagiste-rennes.bzh\/?page_id=2"},"modified":"2026-02-02T15:24:39","modified_gmt":"2026-02-02T14:24:39","slug":"accueil","status":"publish","type":"page","link":"https:\/\/paysagiste-rennes.bzh\/","title":{"rendered":"Accueil"},"content":{"rendered":"<p><strong>La B\u00eache et la Brouette<\/strong>\u00a0vous souhaite la bienvenue sur ses pages!<\/p>\n<p>Afin de mieux r\u00e9pondre aux attentes de nos clients, l&rsquo;entreprise se transforme, \u00e9volue et continue d&rsquo;investir dans du mat\u00e9riel de plus en plus performant!<\/p>\n<p>De m\u00eame, vos retours nous ont permis d&rsquo;obtenir un Best of Houzz! Et nous vous en remercions!<\/p>\n<p><a href=\"https:\/\/www.houzz.fr\/pro\/erwanpaysage\/la-beche-et-la-brouette\"><img loading=\"lazy\" decoding=\"async\" class=\"aligncenter\" src=\"https:\/\/st.hzcdn.com\/static_fr-FR\/badge_47_8@2x.png\" alt=\"Erwan NICOLAS sur Plechatel, FR sur Houzz\" width=\"80\" height=\"80\" border=\"0\" \/><\/a><\/p>\n<p style=\"text-align: justify;\">Le monde du jardin est en perp\u00e9tuelle \u00e9volution, parfois\u00a0pr\u00e9c\u00e9d\u00e9 par la r\u00e9glementation mais souvent initi\u00e9 par des passionn\u00e9s.<\/p>\n<p style=\"text-align: justify;\">L\u2019\u00e8re du d\u00e9veloppement durable et de la gestion \u00e9cologique est entr\u00e9e dans le jardin qu\u2019il soit public ou priv\u00e9. <strong>La B\u00eache et la Brouette<\/strong> est l\u00e0 pour vous accompagner dans cette transition vers une <em><strong>conception et une gestion \u00e9cologique<\/strong><\/em> de vos espaces verts et jardin avec la mise en place :<\/p>\n<ul style=\"text-align: justify;\">\n<li>de la gestion diff\u00e9renci\u00e9e des espaces verts<\/li>\n<li>du \u00ab\u00a0zero-phyto\u00a0\u00bb<\/li>\n<li>de technique de gestion quantitative et qualitative de l&rsquo;eau<\/li>\n<\/ul>\n<p>De plus, l&rsquo;entretien d&rsquo;un jardin peut aussi \u00eatre chronophage ou source de fatigue. Ensemble nous pourrons r\u00e9fl\u00e9chir \u00e0 des solutions qui vous permettront de profiter au mieux de votre jardin. Au besoin,\u00a0vous pouvez m\u00eame nous confier l&rsquo;entretien courant de votre jardin.<\/p>\n<p>Mais parfois sans aller jusqu&rsquo;\u00e0 une conception et une gestion \u00e9cologique, quelque soit votre projet, du plus classique au plus personnalis\u00e9, nous sommes l\u00e0 pour vous accompagner!<\/p>\n<p style=\"text-align: justify;\">Enfin retrouvez nos diverses comp\u00e9tences dans les diff\u00e9rentes rubriques ci-dessus. Retrouvez nous aussi sur <a href=\"https:\/\/www.facebook.com\/La-B%C3%AAche-et-La-Brouette-214674815954228\/\" target=\"_blank\" rel=\"noopener\">Facebook<\/a> pour plus de nouvelles, de chantiers&#8230;<\/p>\n<p class=\"jetpack-slideshow-noscript robots-nocontent\">Ce diaporama n\u00e9cessite JavaScript.<\/p><div id=\"gallery-2-1-slideshow\" class=\"jetpack-slideshow-window jetpack-slideshow jetpack-slideshow-black\" data-trans=\"fade\" data-autostart=\"1\" data-gallery=\"[{&quot;src&quot;:&quot;https:\\\/\\\/paysagiste-rennes.bzh\\\/wp-content\\\/uploads\\\/2017\\\/03\\\/dsc_8856.jpg&quot;,&quot;id&quot;:&quot;37&quot;,&quot;title&quot;:&quot;dsc_8856&quot;,&quot;alt&quot;:&quot;&quot;,&quot;caption&quot;:&quot;&quot;,&quot;itemprop&quot;:&quot;image&quot;},{&quot;src&quot;:&quot;https:\\\/\\\/paysagiste-rennes.bzh\\\/wp-content\\\/uploads\\\/2017\\\/03\\\/dsc_8853.jpg&quot;,&quot;id&quot;:&quot;36&quot;,&quot;title&quot;:&quot;dsc_8853&quot;,&quot;alt&quot;:&quot;&quot;,&quot;caption&quot;:&quot;&quot;,&quot;itemprop&quot;:&quot;image&quot;},{&quot;src&quot;:&quot;https:\\\/\\\/paysagiste-rennes.bzh\\\/wp-content\\\/uploads\\\/2017\\\/03\\\/dsc_5229.jpg&quot;,&quot;id&quot;:&quot;35&quot;,&quot;title&quot;:&quot;dsc_5229&quot;,&quot;alt&quot;:&quot;&quot;,&quot;caption&quot;:&quot;&quot;,&quot;itemprop&quot;:&quot;image&quot;},{&quot;src&quot;:&quot;https:\\\/\\\/paysagiste-rennes.bzh\\\/wp-content\\\/uploads\\\/2017\\\/03\\\/dsc_5206.jpg&quot;,&quot;id&quot;:&quot;34&quot;,&quot;title&quot;:&quot;dsc_5206&quot;,&quot;alt&quot;:&quot;&quot;,&quot;caption&quot;:&quot;&quot;,&quot;itemprop&quot;:&quot;image&quot;},{&quot;src&quot;:&quot;https:\\\/\\\/paysagiste-rennes.bzh\\\/wp-content\\\/uploads\\\/2017\\\/03\\\/dsc_5091.jpg&quot;,&quot;id&quot;:&quot;33&quot;,&quot;title&quot;:&quot;dsc_5091&quot;,&quot;alt&quot;:&quot;&quot;,&quot;caption&quot;:&quot;&quot;,&quot;itemprop&quot;:&quot;image&quot;},{&quot;src&quot;:&quot;https:\\\/\\\/paysagiste-rennes.bzh\\\/wp-content\\\/uploads\\\/2017\\\/03\\\/dsc_5089.jpg&quot;,&quot;id&quot;:&quot;32&quot;,&quot;title&quot;:&quot;dsc_5089&quot;,&quot;alt&quot;:&quot;&quot;,&quot;caption&quot;:&quot;&quot;,&quot;itemprop&quot;:&quot;image&quot;},{&quot;src&quot;:&quot;https:\\\/\\\/paysagiste-rennes.bzh\\\/wp-content\\\/uploads\\\/2017\\\/03\\\/1.jpg&quot;,&quot;id&quot;:&quot;31&quot;,&quot;title&quot;:&quot;1&quot;,&quot;alt&quot;:&quot;&quot;,&quot;caption&quot;:&quot;&quot;,&quot;itemprop&quot;:&quot;image&quot;}]\" itemscope itemtype=\"https:\/\/schema.org\/ImageGallery\"><\/div>\n","protected":false},"excerpt":{"rendered":"<p>La B\u00eache et la Brouette\u00a0vous souhaite la bienvenue sur ses pages! Afin de mieux r\u00e9pondre aux attentes de nos clients, l&rsquo;entreprise se transforme, \u00e9volue et continue d&rsquo;investir dans du mat\u00e9riel de plus en plus performant! De m\u00eame, vos retours nous ont permis d&rsquo;obtenir un Best of Houzz! Et nous vous en remercions! Le monde du [&hellip;]<\/p>\n","protected":false},"author":1,"featured_media":0,"parent":0,"menu_order":0,"comment_status":"closed","ping_status":"closed","template":"","meta":{"jetpack_post_was_ever_published":false,"footnotes":""},"class_list":["post-2","page","type-page","status-publish","hentry"],"jetpack_sharing_enabled":true,"jetpack_shortlink":"https:\/\/wp.me\/P8w2gV-2","_links":{"self":[{"href":"https:\/\/paysagiste-rennes.bzh\/index.php?rest_route=\/wp\/v2\/pages\/2","targetHints":{"allow":["GET"]}}],"collection":[{"href":"https:\/\/paysagiste-rennes.bzh\/index.php?rest_route=\/wp\/v2\/pages"}],"about":[{"href":"https:\/\/paysagiste-rennes.bzh\/index.php?rest_route=\/wp\/v2\/types\/page"}],"author":[{"embeddable":true,"href":"https:\/\/paysagiste-rennes.bzh\/index.php?rest_route=\/wp\/v2\/users\/1"}],"replies":[{"embeddable":true,"href":"https:\/\/paysagiste-rennes.bzh\/index.php?rest_route=%2Fwp%2Fv2%2Fcomments&post=2"}],"version-history":[{"count":11,"href":"https:\/\/paysagiste-rennes.bzh\/index.php?rest_route=\/wp\/v2\/pages\/2\/revisions"}],"predecessor-version":[{"id":6800,"href":"https:\/\/paysagiste-rennes.bzh\/index.php?rest_route=\/wp\/v2\/pages\/2\/revisions\/6800"}],"wp:attachment":[{"href":"https:\/\/paysagiste-rennes.bzh\/index.php?rest_route=%2Fwp%2Fv2%2Fmedia&parent=2"}],"curies":[{"name":"wp","href":"https:\/\/api.w.org\/{rel}","templated":true}]}}